{"id":1023,"date":"2024-03-16T09:03:26","date_gmt":"2024-03-16T08:03:26","guid":{"rendered":"https:\/\/www.selchow.net\/wordpress\/?page_id=1023"},"modified":"2025-12-14T17:23:07","modified_gmt":"2025-12-14T16:23:07","slug":"willkommen","status":"publish","type":"page","link":"https:\/\/www.selchow.net\/wordpress\/willkommen\/","title":{"rendered":"Willkommen"},"content":{"rendered":"\n<figure class=\"wp-block-table alignwide is-style-stripes\"><table><tbody><tr><td class=\"has-text-align-center\" data-align=\"center\">Portsloger Stra\u00dfe 105<br>DE &#8211; 26188 Edewecht<\/td><td class=\"has-text-align-center\" data-align=\"center\"><strong>Matthias Selchow<\/strong><\/td><td class=\"has-text-align-center\" data-align=\"center\">Tel.: 04405.98 63 62<br>Mobil: +49 (0)163.7886765<\/td><\/tr><tr><td class=\"has-text-align-center\" data-align=\"center\"><a rel=\"noreferrer noopener\" href=\"https:\/\/what3words.com\/onkel.seine.teilzeit\" target=\"_blank\">\/\/\/onkel.seine.teilzeit<\/a><\/td><td class=\"has-text-align-center\" data-align=\"center\">matthias@selchow.net<br><br><\/td><td class=\"has-text-align-center\" data-align=\"center\">Ein Kontaktformular finden<br>Sie unten<\/td><\/tr><tr><td class=\"has-text-align-center\" data-align=\"center\">www.selchow.net<\/td><td class=\"has-text-align-center\" data-align=\"center\"><a href=\"https:\/\/www.selchow.net\/wordpress\/\" data-type=\"link\" data-id=\"https:\/\/www.selchow.net\/wordpress\/\" rel=\"nofollow\"><strong><mark style=\"background-color:#cd2653\" class=\"has-inline-color has-background-color\">HIER GEHT ES ZU DEN BEITR\u00c4GEN<\/mark><\/strong><\/a><\/td><td class=\"has-text-align-center\" data-align=\"center\"><a href=\"https:\/\/www.selchow.net\/wordpress\/passwortanfrage\/\" data-type=\"page\" data-id=\"2048\" target=\"_blank\" rel=\"noreferrer noopener\">Passwortanfragen<\/a> um <br>gesch\u00fctzte Betr\u00e4ge <br>lesen zu k\u00f6nnen<\/td><\/tr><tr><td class=\"has-text-align-center\" data-align=\"center\"><a href=\"https:\/\/www.google.de\/maps\/@37.9272498,15.2628505,3a,75y,259.99h,96.82t\/data=!3m8!1e1!3m6!1sAF1QipPWrE7szC3QiDjVE0jfptYvdjMzkkw_0qBjJsVI!2e10!3e11!6shttps:%2F%2Flh5.googleusercontent.com%2Fp%2FAF1QipPWrE7szC3QiDjVE0jfptYvdjMzkkw_0qBjJsVI%3Dw900-h600-k-no-pi-6.823874696478541-ya99.44887381283621-ro0-fo100!7i5376!8i2688?entry=ttu&amp;g_ep=EgoyMDI0MTIxMS4wIKXMDSoASAFQAw%3D%3D\" data-type=\"URL\" data-id=\"https:\/\/www.google.de\/maps\/@37.9272498,15.2628505,3a,75y,259.99h,96.82t\/data=!3m8!1e1!3m6!1sAF1QipPWrE7szC3QiDjVE0jfptYvdjMzkkw_0qBjJsVI!2e10!3e11!6shttps:%2F%2Flh5.googleusercontent.com%2Fp%2FAF1QipPWrE7szC3QiDjVE0jfptYvdjMzkkw_0qBjJsVI%3Dw900-h600-k-no-pi-6.823874696478541-ya99.44887381283621-ro0-fo100!7i5376!8i2688?entry=ttu&amp;g_ep=EgoyMDI0MTIxMS4wIKXMDSoASAFQAw%3D%3D\" target=\"_blank\" rel=\"noreferrer noopener\">Like<\/a> <a href=\"https:\/\/www.google.de\/maps\/@37.9302357,15.2681644,3a,75y,194.46h,80.19t\/data=!3m7!1e1!3m5!1svalJXR7BG0t0mZoL1oJm6A!2e0!6shttps:%2F%2Fstreetviewpixels-pa.googleapis.com%2Fv1%2Fthumbnail%3Fcb_client%3Dmaps_sv.tactile%26w%3D900%26h%3D600%26pitch%3D9.80878958993604%26panoid%3DvalJXR7BG0t0mZoL1oJm6A%26yaw%3D194.45711546277929!7i16384!8i8192?entry=ttu&amp;g_ep=EgoyMDI0MTIxMS4wIKXMDSoASAFQAw%3D%3D\" data-type=\"URL\" data-id=\"https:\/\/www.google.de\/maps\/@37.9302357,15.2681644,3a,75y,194.46h,80.19t\/data=!3m7!1e1!3m5!1svalJXR7BG0t0mZoL1oJm6A!2e0!6shttps:%2F%2Fstreetviewpixels-pa.googleapis.com%2Fv1%2Fthumbnail%3Fcb_client%3Dmaps_sv.tactile%26w%3D900%26h%3D600%26pitch%3D9.80878958993604%26panoid%3DvalJXR7BG0t0mZoL1oJm6A%26yaw%3D194.45711546277929!7i16384!8i8192?entry=ttu&amp;g_ep=EgoyMDI0MTIxMS4wIKXMDSoASAFQAw%3D%3D\" target=\"_blank\" rel=\"noreferrer noopener\">it<\/a><\/td><td class=\"has-text-align-center\" data-align=\"center\"><\/td><td class=\"has-text-align-center\" data-align=\"center\"><a href=\"https:\/\/www.selchow.net\/agentpicture\/agp_web\" data-type=\"link\" data-id=\"https:\/\/www.selchow.net\/agentpicture2\/\" target=\"_blank\" rel=\"noreferrer noopener\">Galerie<\/a><\/td><\/tr><\/tbody><\/table><\/figure>\n\n\n\n<div class=\"wp-block-columns alignwide are-vertically-aligned-center is-layout-flex wp-container-core-columns-is-layout-2 wp-block-columns-is-layout-flex\">\n<div class=\"wp-block-column is-vertically-aligned-center is-layout-flow wp-block-column-is-layout-flow\" style=\"flex-basis:100%\">\n<div class=\"wp-block-group alignfull\"><div class=\"wp-block-group__inner-container is-layout-constrained wp-block-group-is-layout-constrained\">\n<div class=\"wp-block-columns alignfull is-layout-flex wp-container-core-columns-is-layout-1 wp-block-columns-is-layout-flex\">\n<div class=\"wp-block-column is-layout-flow wp-block-column-is-layout-flow\" style=\"flex-basis:100%\">\n<iframe loading=\"lazy\" src=\"https:\/\/www.selchow.net\/agentpicture\/agp_web\" width=\"100%\" height=\"350\"><\/iframe>\n<\/div>\n<\/div>\n<\/div><\/div>\n<\/div>\n<\/div>\n\n\n\n<h2 class=\"wp-block-heading\">Kontakt<\/h2>\n\n\n\n<div class=\"wp-block-contact-form-7-contact-form-selector\">\n<div class=\"wpcf7 no-js\" id=\"wpcf7-f2304-o1\" lang=\"de-DE\" dir=\"ltr\" data-wpcf7-id=\"2304\">\n<div class=\"screen-reader-response\"><p role=\"status\" aria-live=\"polite\" aria-atomic=\"true\"><\/p> <ul><\/ul><\/div>\n<form action=\"\/wordpress\/wp-json\/wp\/v2\/pages\/1023#wpcf7-f2304-o1\" method=\"post\" class=\"wpcf7-form init\" aria-label=\"Kontaktformular\" novalidate=\"novalidate\" data-status=\"init\">\n<fieldset class=\"hidden-fields-container\"><input type=\"hidden\" name=\"_wpcf7\" value=\"2304\" \/><input type=\"hidden\" name=\"_wpcf7_version\" value=\"6.1.5\" \/><input type=\"hidden\" name=\"_wpcf7_locale\" value=\"de_DE_formal\" \/><input type=\"hidden\" name=\"_wpcf7_unit_tag\" value=\"wpcf7-f2304-o1\" \/><input type=\"hidden\" name=\"_wpcf7_container_post\" value=\"0\" \/><input type=\"hidden\" name=\"_wpcf7_posted_data_hash\" value=\"\" \/>\n<\/fieldset>\n<p><label> Ihr Name<br \/>\n<span class=\"wpcf7-form-control-wrap\" data-name=\"your-name\"><input size=\"40\" maxlength=\"400\" class=\"wpcf7-form-control wpcf7-text wpcf7-validates-as-required\" autocomplete=\"name\" aria-required=\"true\" aria-invalid=\"false\" value=\"\" type=\"text\" name=\"your-name\" \/><\/span> <\/label>\n<\/p>\n<p><label> Ihre E-Mail-Adresse<br \/>\n<span class=\"wpcf7-form-control-wrap\" data-name=\"your-email\"><input size=\"40\" maxlength=\"400\" class=\"wpcf7-form-control wpcf7-email wpcf7-validates-as-required wpcf7-text wpcf7-validates-as-email\" autocomplete=\"email\" aria-required=\"true\" aria-invalid=\"false\" value=\"\" type=\"email\" name=\"your-email\" \/><\/span> <\/label>\n<\/p>\n<p><label> Betreff<br \/>\n<span class=\"wpcf7-form-control-wrap\" data-name=\"your-subject\"><input size=\"40\" maxlength=\"400\" class=\"wpcf7-form-control wpcf7-text wpcf7-validates-as-required\" aria-required=\"true\" aria-invalid=\"false\" value=\"\" type=\"text\" name=\"your-subject\" \/><\/span> <\/label>\n<\/p>\n<p><label> Ihre Nachricht (optional)<br \/>\n<span class=\"wpcf7-form-control-wrap\" data-name=\"your-message\"><textarea cols=\"40\" rows=\"10\" maxlength=\"2000\" class=\"wpcf7-form-control wpcf7-textarea\" aria-invalid=\"false\" name=\"your-message\"><\/textarea><\/span> <\/label>\n<\/p>\n<p><input class=\"wpcf7-form-control wpcf7-submit has-spinner\" type=\"submit\" value=\"Senden\" \/>\n<\/p><p style=\"display: none !important;\" class=\"akismet-fields-container\" data-prefix=\"_wpcf7_ak_\"><label>&#916;<textarea name=\"_wpcf7_ak_hp_textarea\" cols=\"45\" rows=\"8\" maxlength=\"100\"><\/textarea><\/label><input type=\"hidden\" id=\"ak_js_1\" name=\"_wpcf7_ak_js\" value=\"172\"\/><script>document.getElementById( \"ak_js_1\" ).setAttribute( \"value\", ( new Date() ).getTime() );<\/script><\/p><div class=\"wpcf7-response-output\" aria-hidden=\"true\"><\/div>\n<\/form>\n<\/div>\n<\/div>\n\n\n\n<p><sup>Falls Sie ein angebotenes Formular verwenden, ist die Speicherung und Verarbeitung der personenbezogenen Daten (Formulareingaben des Nutzers) erforderlich. Die Daten werden lediglich f\u00fcr den ausgew\u00e4hlten Verwendungszweck benutzt. Die Weitergabe an Dritte erfolgt nicht. Die Daten werden nach Abwicklung des technischen Vorgangs gel\u00f6scht. Sie haben das Recht, auf Antrag unentgeltlich Auskunft zu erhalten \u00fcber die \u00fcber Sie gespeicherten personenbezogenen Daten. Zus\u00e4tzlich haben Sie das Recht auf Berichtigung unrichtiger Daten, Sperrung und L\u00f6schung. Mit dem Absenden eines Formulars willigen Sie in die o.g. Verarbeitung Ihrer Daten ein. Sie k\u00f6nnen diese Einwilligung schriftlich oder per E-Mail gegen\u00fcber selchow.net jederzeit widerrufen. Nachteile entstehen Ihnen daraus nicht. Unser System unterst\u00fctzt standardisierte Datenverschl\u00fcsselung. Bei der \u00dcbertragung Ihrer Daten im Internet besteht jedoch die M\u00f6glichkeit, da\u00df diese durch Unbefugte zur Kenntnis genommen oder ver\u00e4ndert werden k\u00f6nnen.<\/sup><\/p>\n\n\n\n<hr class=\"wp-block-separator has-alpha-channel-opacity\"\/>\n\n\n\n<p>F\u00fcr das, was in Zukunft noch so kommt. (Beta)<\/p>\n\n\n\n<h2 class=\"wp-block-heading\">Newsletter<\/h2>\n\n\n<div class=\"tnp tnp-subscription \">\n<form method=\"post\" action=\"https:\/\/www.selchow.net\/wordpress\/wp-admin\/admin-ajax.php?action=tnp&amp;na=s\">\n<input type=\"hidden\" name=\"nlang\" value=\"\">\n<div class=\"tnp-field tnp-field-email\"><label for=\"tnp-1\">E-Mail-Adresse<\/label>\n<input class=\"tnp-email\" type=\"email\" name=\"ne\" id=\"tnp-1\" value=\"\" placeholder=\"\" required><\/div>\n<div class=\"tnp-field tnp-field-button\" style=\"text-align: left\"><input class=\"tnp-submit\" type=\"submit\" value=\"Abonnieren\" style=\"\">\n<\/div>\n<\/form>\n<\/div>\n\n\n\n\n<hr class=\"wp-block-separator has-alpha-channel-opacity\"\/>\n\n\n\n<p class=\"has-text-align-center\"><a href=\"https:\/\/www.selchow.net\/wordpress\/datenschutzerklaerung\/\" data-type=\"page\" data-id=\"3\" target=\"_blank\" rel=\"noreferrer noopener\">Impressum<\/a> <a href=\"https:\/\/www.selchow.net\/wordpress\/xOA5t\">&#8211;<\/a> <a href=\"https:\/\/www.selchow.net\/wordpress\/datenschutzerklaerung-2\/\" data-type=\"page\" data-id=\"15\" target=\"_blank\" rel=\"noreferrer noopener\">Datenschutz<\/a> &#8211; <a href=\"http:\/\/www.selchow.net\/wunsch\" target=\"_blank\" rel=\"noreferrer noopener\">WunschM<\/a> &#8211; <a href=\"https:\/\/www.wunschmonster.de\/wunschliste\/8376308\" data-type=\"URL\" data-id=\"https:\/\/www.wunschmonster.de\/wunschliste\/8376308\" target=\"_blank\" rel=\"noreferrer noopener\">WunschE<\/a> &#8211; <a href=\"https:\/\/www.selchow.net\/wordpress\/ich-mag-ich-mag-nicht\/\" data-type=\"page\" data-id=\"3692\">Pr\u00e4ferenzen<\/a><\/p>\n\n\n\n<p><\/p>\n\n\n\n<p><\/p>\n","protected":false},"excerpt":{"rendered":"<p>Portsloger Stra\u00dfe 105DE &#8211; 26188 Edewecht Matthias Selchow Tel.: 04405.98 63 62Mobil: +49 (0)163.7886765 \/\/\/onkel.seine.teilzeit matthias@selchow.net Ein Kontaktformular findenSie unten www.selchow.net HIER GEHT ES ZU DEN BEITR\u00c4GEN Passwortanfragen um gesch\u00fctzte Betr\u00e4ge lesen zu k\u00f6nnen Like it Galerie Kontakt Falls Sie ein angebotenes Formular verwenden, ist die Speicherung und Verarbeitung der personenbezogenen Daten (Formulareingaben des Nutzers) [&hellip;]<\/p>\n","protected":false},"author":1,"featured_media":0,"parent":0,"menu_order":0,"comment_status":"closed","ping_status":"closed","template":"","meta":{"footnotes":""},"class_list":["post-1023","page","type-page","status-publish","hentry"],"_links":{"self":[{"href":"https:\/\/www.selchow.net\/wordpress\/wp-json\/wp\/v2\/pages\/1023","targetHints":{"allow":["GET"]}}],"collection":[{"href":"https:\/\/www.selchow.net\/wordpress\/wp-json\/wp\/v2\/pages"}],"about":[{"href":"https:\/\/www.selchow.net\/wordpress\/wp-json\/wp\/v2\/types\/page"}],"author":[{"embeddable":true,"href":"https:\/\/www.selchow.net\/wordpress\/wp-json\/wp\/v2\/users\/1"}],"replies":[{"embeddable":true,"href":"https:\/\/www.selchow.net\/wordpress\/wp-json\/wp\/v2\/comments?post=1023"}],"version-history":[{"count":62,"href":"https:\/\/www.selchow.net\/wordpress\/wp-json\/wp\/v2\/pages\/1023\/revisions"}],"predecessor-version":[{"id":3701,"href":"https:\/\/www.selchow.net\/wordpress\/wp-json\/wp\/v2\/pages\/1023\/revisions\/3701"}],"wp:attachment":[{"href":"https:\/\/www.selchow.net\/wordpress\/wp-json\/wp\/v2\/media?parent=1023"}],"curies":[{"name":"wp","href":"https:\/\/api.w.org\/{rel}","templated":true}]}}