{"id":2512,"date":"2025-04-09T18:28:31","date_gmt":"2025-04-09T16:28:31","guid":{"rendered":"https:\/\/www.selchow.net\/wordpress\/?page_id=2512"},"modified":"2025-11-30T09:35:34","modified_gmt":"2025-11-30T08:35:34","slug":"booking-form","status":"publish","type":"page","link":"https:\/\/www.selchow.net\/wordpress\/booking-form\/","title":{"rendered":"Terminbuchung"},"content":{"rendered":"\n<p><strong>Dies ist eine Testseite. Sie k\u00f6nnen einen Termin buchen und es hat keine Konsequenz. Eine \u00c4nderung oder Bearbeitung ist jederzeit m\u00f6glich. Kommen Sie bald wieder zum Weitertesten. Danke!<\/strong><\/p>\n\n\n\n<p>Ihre zu erwartenden Kosten sehen Sie w\u00e4hrend der Buchung. <\/p>\n\n\n<form class=\"cpp_form no-prefetch\" name=\"cp_appbooking_pform_1\" id=\"cp_appbooking_pform_1\" action=\"\" method=\"post\" enctype=\"multipart\/form-data\" onsubmit=\"return cp_appbooking_pform_doValidate_1(this);\"><input type=\"hidden\" name=\"cp_pform_psequence\" value=\"_1\" \/><input type=\"hidden\" name=\"cp_appbooking_pform_process\" value=\"1\" \/><input type=\"hidden\" name=\"cp_appbooking_id\" value=\"1\" \/><input type=\"hidden\" name=\"cp_ref_page\" value=\"\" \/><input type=\"hidden\" name=\"form_structure_1\" id=\"form_structure_1\" size=\"180\" value=\"[[{&quot;form_identifier&quot;:&quot;&quot;,&quot;name&quot;:&quot;fieldname1&quot;,&quot;shortlabel&quot;:&quot;Textfeld 2 &quot;,&quot;index&quot;:0,&quot;ftype&quot;:&quot;fapp&quot;,&quot;userhelp&quot;:&quot;Wir ben\\u00f6tigen nun noch einige wenige Daten f\\u00fcr Ihre Terminvereinbarung. Bitte notiren Sie sich ihren Termin. Sofern Sie eine eMailadresse angeben, erhalten Sie eine schrftliche Best\\u00e4tigung. &quot;,&quot;userhelpTooltip&quot;:&quot;&quot;,&quot;csslayout&quot;:&quot;&quot;,&quot;title&quot;:&quot;Leistungen - Bitte w\\u00e4hlen Sie Ihre gew\\u00fcnschten Leistungen aus &quot;,&quot;services&quot;:[{&quot;name&quot;:&quot;Leistung 1+2&quot;,&quot;price&quot;:24.99,&quot;capacity&quot;:&quot;1&quot;,&quot;duration&quot;:&quot;30&quot;,&quot;pb&quot;:0,&quot;pa&quot;:0,&quot;ohindex&quot;:0,&quot;idx&quot;:4},{&quot;name&quot;:&quot;Leistung 1&quot;,&quot;price&quot;:50,&quot;capacity&quot;:&quot;1&quot;,&quot;duration&quot;:&quot;30&quot;,&quot;pb&quot;:0,&quot;pa&quot;:0,&quot;ohindex&quot;:0,&quot;idx&quot;:1},{&quot;name&quot;:&quot;Leistung 2&quot;,&quot;price&quot;:15,&quot;capacity&quot;:&quot;1&quot;,&quot;duration&quot;:&quot;10&quot;,&quot;pb&quot;:0,&quot;pa&quot;:0,&quot;ohindex&quot;:0,&quot;idx&quot;:2},{&quot;name&quot;:&quot;Leistung 3 kurz&quot;,&quot;price&quot;:4.5,&quot;capacity&quot;:1,&quot;duration&quot;:&quot;10&quot;,&quot;pb&quot;:0,&quot;pa&quot;:0,&quot;ohindex&quot;:0,&quot;idx&quot;:5},{&quot;name&quot;:&quot;Sonstiges&quot;,&quot;price&quot;:100,&quot;capacity&quot;:1,&quot;duration&quot;:60,&quot;pb&quot;:0,&quot;pa&quot;:0,&quot;ohindex&quot;:0,&quot;idx&quot;:3},{&quot;name&quot;:&quot;Sontiges sehr gro\\u00df&quot;,&quot;price&quot;:155,&quot;capacity&quot;:&quot;1&quot;,&quot;duration&quot;:&quot;270&quot;,&quot;pb&quot;:0,&quot;pa&quot;:0,&quot;ohindex&quot;:0,&quot;idx&quot;:6}],&quot;openhours&quot;:[],&quot;allOH&quot;:[{&quot;name&quot;:&quot;Default&quot;,&quot;openhours&quot;:[{&quot;type&quot;:&quot;d1&quot;,&quot;d&quot;:&quot;&quot;,&quot;h1&quot;:8,&quot;m1&quot;:0,&quot;h2&quot;:&quot;14&quot;,&quot;m2&quot;:&quot;40&quot;},{&quot;type&quot;:&quot;d2&quot;,&quot;d&quot;:&quot;&quot;,&quot;h1&quot;:8,&quot;m1&quot;:0,&quot;h2&quot;:&quot;14&quot;,&quot;m2&quot;:&quot;40&quot;},{&quot;type&quot;:&quot;d3&quot;,&quot;d&quot;:&quot;&quot;,&quot;h1&quot;:8,&quot;m1&quot;:0,&quot;h2&quot;:&quot;14&quot;,&quot;m2&quot;:&quot;30&quot;},{&quot;type&quot;:&quot;d4&quot;,&quot;d&quot;:&quot;2025-04-01:2025-04-07&quot;,&quot;h1&quot;:8,&quot;m1&quot;:0,&quot;h2&quot;:&quot;16&quot;,&quot;m2&quot;:&quot;20&quot;,&quot;startDate&quot;:{},&quot;endDate&quot;:{}},{&quot;type&quot;:&quot;d5&quot;,&quot;d&quot;:&quot;&quot;,&quot;h1&quot;:8,&quot;m1&quot;:0,&quot;h2&quot;:&quot;11&quot;,&quot;m2&quot;:&quot;0&quot;}]}],&quot;dateFormat&quot;:&quot;dd\\\/mm\\\/yy&quot;,&quot;showDropdown&quot;:true,&quot;showTotalCost&quot;:true,&quot;showTotalCostFormat&quot;:&quot;EUR {0}&quot;,&quot;showEndTime&quot;:true,&quot;showQuantity&quot;:false,&quot;usedSlotsCheckbox&quot;:true,&quot;avoidOverlaping&quot;:true,&quot;emptySelectCheckbox&quot;:true,&quot;emptySelect&quot;:&quot;-- Bitte w\\u00e4hlen Sie aus --&quot;,&quot;dropdownRange&quot;:&quot;-10:+10&quot;,&quot;working_dates&quot;:[false,true,true,true,true,true,false],&quot;numberOfMonths&quot;:&quot;1&quot;,&quot;maxNumberOfApp&quot;:&quot;1&quot;,&quot;firstDay&quot;:&quot;1&quot;,&quot;minDate&quot;:&quot;0&quot;,&quot;maxDate&quot;:&quot;+4d&quot;,&quot;defaultDate&quot;:&quot;&quot;,&quot;invalidDates&quot;:&quot;&quot;,&quot;tmpinvalidDates&quot;:&quot;&quot;,&quot;required&quot;:true,&quot;bSlotsCheckbox&quot;:true,&quot;bSlots&quot;:30,&quot;militaryTime&quot;:1,&quot;autonum&quot;:6,&quot;autonumStaff&quot;:0,&quot;fBuild&quot;:{},&quot;special_days&quot;:[],&quot;minDateTmp&quot;:&quot;0&quot;,&quot;getMinDate&quot;:{},&quot;tmpinvalidDatestime&quot;:[]},{&quot;form_identifier&quot;:&quot;&quot;,&quot;name&quot;:&quot;fieldname4&quot;,&quot;shortlabel&quot;:&quot;&quot;,&quot;index&quot;:1,&quot;ftype&quot;:&quot;ftext&quot;,&quot;userhelp&quot;:&quot;&quot;,&quot;userhelpTooltip&quot;:&quot;&quot;,&quot;csslayout&quot;:&quot;&quot;,&quot;title&quot;:&quot;Name, Vorname&quot;,&quot;predefined&quot;:&quot;&quot;,&quot;predefinedClick&quot;:false,&quot;required&quot;:true,&quot;size&quot;:&quot;medium&quot;,&quot;minlength&quot;:&quot;&quot;,&quot;maxlength&quot;:&quot;50&quot;,&quot;equalTo&quot;:&quot;&quot;,&quot;fBuild&quot;:{}},{&quot;form_identifier&quot;:&quot;&quot;,&quot;name&quot;:&quot;fieldname5&quot;,&quot;shortlabel&quot;:&quot;&quot;,&quot;index&quot;:2,&quot;ftype&quot;:&quot;ftext&quot;,&quot;userhelp&quot;:&quot;&quot;,&quot;userhelpTooltip&quot;:&quot;&quot;,&quot;csslayout&quot;:&quot;&quot;,&quot;title&quot;:&quot;Mobilnummer \\\/ Telefon&quot;,&quot;predefined&quot;:&quot;&quot;,&quot;predefinedClick&quot;:false,&quot;required&quot;:true,&quot;size&quot;:&quot;medium&quot;,&quot;minlength&quot;:&quot;&quot;,&quot;maxlength&quot;:&quot;&quot;,&quot;equalTo&quot;:&quot;&quot;,&quot;fBuild&quot;:{}},{&quot;form_identifier&quot;:&quot;&quot;,&quot;name&quot;:&quot;fieldname3&quot;,&quot;shortlabel&quot;:&quot;&quot;,&quot;index&quot;:3,&quot;ftype&quot;:&quot;ftext&quot;,&quot;userhelp&quot;:&quot;&quot;,&quot;userhelpTooltip&quot;:&quot;&quot;,&quot;csslayout&quot;:&quot;&quot;,&quot;title&quot;:&quot;M\\u00f6chten Sie uns etwas mitteilen?&quot;,&quot;predefined&quot;:&quot;&quot;,&quot;predefinedClick&quot;:false,&quot;required&quot;:false,&quot;size&quot;:&quot;medium&quot;,&quot;minlength&quot;:&quot;&quot;,&quot;maxlength&quot;:&quot;50&quot;,&quot;equalTo&quot;:&quot;&quot;,&quot;fBuild&quot;:{}},{&quot;form_identifier&quot;:&quot;&quot;,&quot;name&quot;:&quot;email&quot;,&quot;shortlabel&quot;:&quot;&quot;,&quot;index&quot;:4,&quot;ftype&quot;:&quot;femail&quot;,&quot;userhelp&quot;:&quot;&quot;,&quot;userhelpTooltip&quot;:&quot;&quot;,&quot;csslayout&quot;:&quot;&quot;,&quot;title&quot;:&quot;Email&quot;,&quot;predefined&quot;:&quot;&quot;,&quot;predefinedClick&quot;:false,&quot;required&quot;:false,&quot;size&quot;:&quot;medium&quot;,&quot;equalTo&quot;:&quot;&quot;,&quot;fBuild&quot;:{}},{&quot;form_identifier&quot;:&quot;&quot;,&quot;name&quot;:&quot;fieldname2&quot;,&quot;shortlabel&quot;:&quot;&quot;,&quot;index&quot;:5,&quot;ftype&quot;:&quot;facceptance&quot;,&quot;userhelp&quot;:&quot;&quot;,&quot;userhelpTooltip&quot;:&quot;&quot;,&quot;csslayout&quot;:&quot;&quot;,&quot;title&quot;:&quot;Ich akzeptiere die Hinweise zum Datenschutz&quot;,&quot;value&quot;:&quot;JA - Ich akzeptiere die Hinweise zum Datenschutz&quot;,&quot;url&quot;:&quot;&quot;,&quot;message&quot;:&quot;&quot;,&quot;required&quot;:true,&quot;fBuild&quot;:{}}],[{&quot;title&quot;:&quot;Terminvergabe - zum Ausprobieren&quot;,&quot;description&quot;:&quot;Willkommen auf unserer Online-Terminbuchungsseite. In wenigen Schritten k\\u00f6nnen Sie einen Termin bei uns online buchen. Wir freuen uns auf Sie!\\n\\nBitte beachten Sie, dass die gew\\u00fcnschten Vorg\\u00e4nge mit unterschiedlich langen Zeitfenstern berechnet werden und somit auch nur die im Termin angegebenen Vorg\\u00e4nge bearbeitet werden k\\u00f6nnen. Wir bitten um Ihr Verst\\u00e4ndnis!&quot;,&quot;formlayout&quot;:&quot;top_aligned&quot;,&quot;formtemplate&quot;:&quot;&quot;,&quot;evalequations&quot;:1,&quot;autocomplete&quot;:1,&quot;autofocus&quot;:false}]]\" \/><input type=\"hidden\" name=\"refpage_1\" id=\"refpage_1\" value=\"\"><input type=\"hidden\" name=\"cp_appbooking_pform_status\" value=\"0\" \/><input name=\"anonce\" type=\"hidden\" value=\"0a0e76f5db\"\/>\r\n<div id=\"fbuilder\">\r\n    <div id=\"fbuilder_1\">\r\n        <div id=\"formheader_1\"><\/div>\r\n        <div id=\"fieldlist_1\"><\/div>\r\n    <\/div>\r\n<\/div>\r\n<div style=\"display:none\">\r\n<div id=\"cpcaptchalayer_1\" class=\"cpcaptchalayer\">\r\n <div class=\"fields\" id=\"field-c0\" style=\"display:none\">\r\n    <label><\/label>\r\n    <div class=\"dfield\"><!--addons-payment-options--><\/div>\r\n    <div class=\"clearer\"><\/div>\r\n <\/div>\r\n<!-- rcadon -->\r\n<\/div>\r\n<\/div>\r\n<div id=\"cp_subbtn_1\" class=\"cp_subbtn\">Senden<\/div>\r\n<div style=\"clear:both;\"><\/div>\r\n<input type=\"hidden\" name=\"cpapphb21c30\" value=\"\"><\/form>\r\n\n\n\n\n<p>Regeln und Bedingungen<\/p>\n\n\n\n<p><sub>Falls Sie eine angebotenes Terminvereinbarung verwenden, ist die Speicherung und Verarbeitung der personenbezogenen Daten (Formulareingaben des Nutzers) erforderlich. Die Daten werden lediglich f\u00fcr den ausgew\u00e4hlten Verwendungszweck benutzt. Die Weitergabe an Dritte erfolgt nicht. Die Daten werden nach Abwicklung des technischen Vorgangs gel\u00f6scht. Sie haben das Recht, auf Antrag unentgeltlich Auskunft zu erhalten \u00fcber die \u00fcber Sie gespeicherten personenbezogenen Daten. Zus\u00e4tzlich haben Sie das Recht auf Berichtigung unrichtiger Daten, Sperrung und L\u00f6schung. Mit dem Absenden eines Formulars willigen Sie in die o.g. Verarbeitung Ihrer Daten ein. Sie k\u00f6nnen diese Einwilligung schriftlich oder per E-Mail gegen\u00fcber selchow.net jederzeit widerrufen. Nachteile entstehen Ihnen daraus nicht. Unser System unterst\u00fctzt standardisierte Datenverschl\u00fcsselung. Bei der \u00dcbertragung Ihrer Daten im Internet besteht jedoch die M\u00f6glichkeit, da\u00df diese durch Unbefugte zur Kenntnis genommen oder ver\u00e4ndert werden k\u00f6nnen.<\/sub><\/p>\n\n\n\n<hr class=\"wp-block-separator has-alpha-channel-opacity\"\/>\n\n\n\n<p>Version 2 &#8211; anderes Skrift<\/p>\n\n\n<link rel='stylesheet' media=\"all\" href=\"https:\/\/www.selchow.net\/wordpress\/wp-content\/plugins\/appointment-hour-booking\/templates\/07\/style.css\" type=\"text\/css\" \/><form class=\"cpp_form no-prefetch\" name=\"cp_appbooking_pform_2\" id=\"cp_appbooking_pform_2\" action=\"\" method=\"post\" enctype=\"multipart\/form-data\" onsubmit=\"return cp_appbooking_pform_doValidate_2(this);\"><input type=\"hidden\" name=\"cp_pform_psequence\" value=\"_2\" \/><input type=\"hidden\" name=\"cp_appbooking_pform_process\" value=\"1\" \/><input type=\"hidden\" name=\"cp_appbooking_id\" value=\"2\" \/><input type=\"hidden\" name=\"cp_ref_page\" value=\"\" \/><input type=\"hidden\" name=\"form_structure_2\" id=\"form_structure_2\" size=\"180\" value=\"[[{&quot;form_identifier&quot;:&quot;&quot;,&quot;name&quot;:&quot;fieldname1&quot;,&quot;shortlabel&quot;:&quot;&quot;,&quot;index&quot;:0,&quot;ftype&quot;:&quot;fapp&quot;,&quot;userhelp&quot;:&quot;&quot;,&quot;userhelpTooltip&quot;:&quot;&quot;,&quot;csslayout&quot;:&quot;&quot;,&quot;title&quot;:&quot;Termin buchen&quot;,&quot;services&quot;:[{&quot;name&quot;:&quot;AU&quot;,&quot;price&quot;:1,&quot;capacity&quot;:1,&quot;duration&quot;:60,&quot;pb&quot;:0,&quot;pa&quot;:0,&quot;ohindex&quot;:0,&quot;idx&quot;:2},{&quot;name&quot;:&quot;HU&quot;,&quot;price&quot;:1,&quot;capacity&quot;:1,&quot;duration&quot;:60,&quot;pb&quot;:0,&quot;pa&quot;:0,&quot;ohindex&quot;:0,&quot;idx&quot;:1},{&quot;name&quot;:&quot;Sonstiges&quot;,&quot;price&quot;:1,&quot;capacity&quot;:1,&quot;duration&quot;:60,&quot;pb&quot;:0,&quot;pa&quot;:0,&quot;ohindex&quot;:0,&quot;idx&quot;:3}],&quot;openhours&quot;:[],&quot;allOH&quot;:[{&quot;name&quot;:&quot;Default&quot;,&quot;openhours&quot;:[{&quot;type&quot;:&quot;all&quot;,&quot;d&quot;:&quot;2025-04-01:2025-04-07&quot;,&quot;h1&quot;:8,&quot;m1&quot;:0,&quot;h2&quot;:&quot;14&quot;,&quot;m2&quot;:&quot;40&quot;,&quot;startDate&quot;:{},&quot;endDate&quot;:{}}]}],&quot;dateFormat&quot;:&quot;dd\\\/mm\\\/yy&quot;,&quot;showDropdown&quot;:false,&quot;showTotalCost&quot;:false,&quot;showTotalCostFormat&quot;:&quot;$ {0}&quot;,&quot;showEndTime&quot;:false,&quot;showQuantity&quot;:false,&quot;usedSlotsCheckbox&quot;:false,&quot;avoidOverlaping&quot;:true,&quot;emptySelectCheckbox&quot;:false,&quot;emptySelect&quot;:&quot;-- Please select service --&quot;,&quot;dropdownRange&quot;:&quot;-10:+10&quot;,&quot;working_dates&quot;:[false,true,true,true,true,true,false],&quot;numberOfMonths&quot;:&quot;1&quot;,&quot;maxNumberOfApp&quot;:&quot;2&quot;,&quot;firstDay&quot;:0,&quot;minDate&quot;:&quot;0&quot;,&quot;maxDate&quot;:&quot;&quot;,&quot;defaultDate&quot;:&quot;&quot;,&quot;invalidDates&quot;:&quot;&quot;,&quot;tmpinvalidDates&quot;:&quot;&quot;,&quot;required&quot;:true,&quot;bSlotsCheckbox&quot;:true,&quot;bSlots&quot;:30,&quot;militaryTime&quot;:1,&quot;autonum&quot;:3,&quot;autonumStaff&quot;:0,&quot;fBuild&quot;:{},&quot;special_days&quot;:[],&quot;minDateTmp&quot;:&quot;0&quot;,&quot;getMinDate&quot;:{},&quot;tmpinvalidDatestime&quot;:[]},{&quot;form_identifier&quot;:&quot;&quot;,&quot;name&quot;:&quot;email&quot;,&quot;shortlabel&quot;:&quot;&quot;,&quot;index&quot;:1,&quot;ftype&quot;:&quot;femail&quot;,&quot;userhelp&quot;:&quot;&quot;,&quot;userhelpTooltip&quot;:&quot;&quot;,&quot;csslayout&quot;:&quot;&quot;,&quot;title&quot;:&quot;Email&quot;,&quot;predefined&quot;:&quot;&quot;,&quot;predefinedClick&quot;:false,&quot;required&quot;:true,&quot;size&quot;:&quot;medium&quot;,&quot;equalTo&quot;:&quot;&quot;,&quot;fBuild&quot;:{}},{&quot;form_identifier&quot;:&quot;&quot;,&quot;name&quot;:&quot;fieldname2&quot;,&quot;shortlabel&quot;:&quot;&quot;,&quot;index&quot;:2,&quot;ftype&quot;:&quot;facceptance&quot;,&quot;userhelp&quot;:&quot;&quot;,&quot;userhelpTooltip&quot;:&quot;&quot;,&quot;csslayout&quot;:&quot;&quot;,&quot;title&quot;:&quot;Accept terms and conditions&quot;,&quot;value&quot;:&quot;I accept&quot;,&quot;url&quot;:&quot;&quot;,&quot;message&quot;:&quot;&quot;,&quot;required&quot;:true,&quot;fBuild&quot;:{}}],[{&quot;title&quot;:&quot;Text oben&quot;,&quot;description&quot;:&quot;Beschreibung&quot;,&quot;formlayout&quot;:&quot;top_aligned&quot;,&quot;formtemplate&quot;:&quot;ahb_m&quot;,&quot;evalequations&quot;:1,&quot;autocomplete&quot;:1,&quot;autofocus&quot;:false}]]\" \/><input type=\"hidden\" name=\"refpage_2\" id=\"refpage_2\" value=\"\"><input type=\"hidden\" name=\"cp_appbooking_pform_status\" value=\"0\" \/><input name=\"anonce\" type=\"hidden\" value=\"0a0e76f5db\"\/>\r\n<div id=\"fbuilder\">\r\n    <div id=\"fbuilder_2\">\r\n        <div id=\"formheader_2\"><\/div>\r\n        <div id=\"fieldlist_2\"><\/div>\r\n    <\/div>\r\n<\/div>\r\n<div style=\"display:none\">\r\n<div id=\"cpcaptchalayer_2\" class=\"cpcaptchalayer\">\r\n <div class=\"fields\" id=\"field-c0\" style=\"display:none\">\r\n    <label><\/label>\r\n    <div class=\"dfield\"><!--addons-payment-options--><\/div>\r\n    <div class=\"clearer\"><\/div>\r\n <\/div>\r\n  Security Code:<br \/>\r\n  <img decoding=\"async\" src=\"https:\/\/www.selchow.net\/wordpress\/?cp_appbooking_captcha=captcha&amp;ps=_2&amp;inAdmin=1&amp;width=180&amp;height=60&amp;letter_count=5&amp;min_size=25&amp;max_size=35&amp;noise=200&amp;noiselength=4&amp;bcolor=ffffff&amp;border=000000&amp;font=font1\"  id=\"captchaimg_2\" alt=\"security code\" border=\"0\" class=\"skip-lazy\" \/>\r\n  <br \/>Please enter the security code:<br \/>\r\n  <div class=\"dfield\"><input type=\"text\" size=\"20\" name=\"hdcaptcha_cp_appbooking_post\" id=\"hdcaptcha_cp_appbooking_post_2\" value=\"\" autocomplete=\"off\" \/>\r\n  <div class=\"cpefb_error message\" id=\"hdcaptcha_error_2\" generated=\"true\" style=\"display:none;position: absolute; left: 0px; top: 25px;\">Please enter a valid captcha code.<\/div>\r\n  <\/div><br \/>\r\n<!-- rcadon -->\r\n<\/div>\r\n<\/div>\r\n<div id=\"cp_subbtn_2\" class=\"cp_subbtn\">Senden<\/div>\r\n<div style=\"clear:both;\"><\/div>\r\n<input type=\"hidden\" name=\"cpapphb21c30\" value=\"\"><\/form>\r\n\n","protected":false},"excerpt":{"rendered":"<p>Dies ist eine Testseite. Sie k\u00f6nnen einen Termin buchen und es hat keine Konsequenz. Eine \u00c4nderung oder Bearbeitung ist jederzeit m\u00f6glich. Kommen Sie bald wieder zum Weitertesten. Danke! Ihre zu erwartenden Kosten sehen Sie w\u00e4hrend der Buchung. Regeln und Bedingungen Falls Sie eine angebotenes Terminvereinbarung verwenden, ist die Speicherung und Verarbeitung der personenbezogenen Daten (Formulareingaben [&hellip;]<\/p>\n","protected":false},"author":1,"featured_media":0,"parent":0,"menu_order":0,"comment_status":"closed","ping_status":"closed","template":"templates\/template-full-width.php","meta":{"footnotes":""},"class_list":["post-2512","page","type-page","status-publish","hentry"],"_links":{"self":[{"href":"https:\/\/www.selchow.net\/wordpress\/wp-json\/wp\/v2\/pages\/2512","targetHints":{"allow":["GET"]}}],"collection":[{"href":"https:\/\/www.selchow.net\/wordpress\/wp-json\/wp\/v2\/pages"}],"about":[{"href":"https:\/\/www.selchow.net\/wordpress\/wp-json\/wp\/v2\/types\/page"}],"author":[{"embeddable":true,"href":"https:\/\/www.selchow.net\/wordpress\/wp-json\/wp\/v2\/users\/1"}],"replies":[{"embeddable":true,"href":"https:\/\/www.selchow.net\/wordpress\/wp-json\/wp\/v2\/comments?post=2512"}],"version-history":[{"count":9,"href":"https:\/\/www.selchow.net\/wordpress\/wp-json\/wp\/v2\/pages\/2512\/revisions"}],"predecessor-version":[{"id":3677,"href":"https:\/\/www.selchow.net\/wordpress\/wp-json\/wp\/v2\/pages\/2512\/revisions\/3677"}],"wp:attachment":[{"href":"https:\/\/www.selchow.net\/wordpress\/wp-json\/wp\/v2\/media?parent=2512"}],"curies":[{"name":"wp","href":"https:\/\/api.w.org\/{rel}","templated":true}]}}